{"id":4260,"date":"2025-08-01T09:22:11","date_gmt":"2025-08-01T06:22:11","guid":{"rendered":"https:\/\/sandstromtransport.medialuotsidemot.fi\/tjanster\/"},"modified":"2026-03-16T18:31:44","modified_gmt":"2026-03-16T16:31:44","slug":"tjanster","status":"publish","type":"page","link":"https:\/\/sandstromtransport.fi\/sv\/tjanster\/","title":{"rendered":"Tj\u00e4nster"},"content":{"rendered":"\r\n\r\n<section class=\"hero site-banner banner-bg-image section-default default alignfull image\">\r\n\r\n    <div class=\"site-banner-bg section-bg-image \" >\r\n\r\n        <img loading=\"lazy\" decoding=\"async\" width=\"1920\" height=\"2560\" src=\"https:\/\/sandstromtransport.fi\/wp-content\/uploads\/2026\/03\/img-20230805-182010-scaled-e1772976745810.jpg\" class=\"attachment-1536\u00d71536 size-1536\u00d71536\" alt=\"\" \/>\r\n        \r\n            <div class=\"site-banner-content container\">\r\n                <div class=\"row w-100\">\r\n                    <div class=\"col-md-12\">\r\n\r\n                        <h1 class=\"hero-title\">Tj\u00e4nster<\/h1><div class=\"inner-content\">\r\n                            <div class=\"acf-innerblocks-container\"><\/div>\r\n                        <\/div>                    <\/div>\r\n                <\/div>\r\n            <\/div>\r\n        \r\n        <\/div><\/section>\n\n\n<div class=\"wp-block-columns is-style-narrow is-layout-flex wp-container-core-columns-is-layout-9d6595d7 wp-block-columns-is-layout-flex\">\n<div class=\"wp-block-column is-layout-flow wp-block-column-is-layout-flow\">\n<h2 class=\"wp-block-heading has-text-align-center\">M\u00e5ngsidiga transporttj\u00e4nster i Finland och \u00f6vriga Norden<\/h2>\n\n\n\n<p class=\"has-text-align-center\">Sandstr\u00f6m Transport erbjuder helt\u00e4ckande och p\u00e5litliga transporttj\u00e4nster i Finland samt internationellt i Sverige, Norge och Danmark. V\u00e5r m\u00e5ng\u00e5riga erfarenhet och v\u00e5r m\u00e5ngsidiga fordonspark garanterar s\u00e4kra och effektiva transporter under alla f\u00f6rh\u00e5llanden \u2013 \u00e4ven f\u00f6r laster som kr\u00e4ver specialtransporter.<\/p>\n<\/div>\n<\/div>\n\n\n<div class=\"image-and-text wp-block has-media-on-the-left\">\r\n<div class=\"row\">\r\n    <div class=\"col-12 col-md-6 image-col\">\r\n\r\n        <img loading=\"lazy\" decoding=\"async\" width=\"768\" height=\"1024\" src=\"https:\/\/sandstromtransport.fi\/wp-content\/uploads\/2026\/03\/img-20230614-wa0001-768x1024.jpg\" class=\"attachment-large size-large\" alt=\"\" srcset=\"https:\/\/sandstromtransport.fi\/wp-content\/uploads\/2026\/03\/img-20230614-wa0001-768x1024.jpg 768w, https:\/\/sandstromtransport.fi\/wp-content\/uploads\/2026\/03\/img-20230614-wa0001-225x300.jpg 225w, https:\/\/sandstromtransport.fi\/wp-content\/uploads\/2026\/03\/img-20230614-wa0001-1152x1536.jpg 1152w, https:\/\/sandstromtransport.fi\/wp-content\/uploads\/2026\/03\/img-20230614-wa0001.jpg 1536w\" sizes=\"auto, (max-width: 768px) 100vw, 768px\" \/>    <\/div>\r\n\r\n    <div class=\"col-12 col-md-6 text-col has-background has-light-gray-background-color\"><div class=\"acf-innerblocks-container\">\n\n<h2 class=\"wp-block-heading\">Internationella transporter<\/h2>\n\n\n\n<p>Vi sk\u00f6ter internationella transporter i Norden flexibelt och enligt tidtabell. Vi har gedigen kompetens inom gr\u00e4ns\u00f6verskridande logistik samt hantering av n\u00f6dv\u00e4ndiga dokument och arrangemang.<\/p>\n\n<\/div>\r\n<\/div>\r\n<\/div>\r\n<\/div>\n\n<div class=\"image-and-text wp-block has-media-on-the-right\">\r\n<div class=\"row\">\r\n    <div class=\"col-12 col-md-5 image-col\">\r\n\r\n        <img loading=\"lazy\" decoding=\"async\" width=\"800\" height=\"600\" src=\"https:\/\/sandstromtransport.fi\/wp-content\/uploads\/2026\/03\/img-20230514-wa0002-1024x768.jpg\" class=\"attachment-large size-large\" alt=\"\" srcset=\"https:\/\/sandstromtransport.fi\/wp-content\/uploads\/2026\/03\/img-20230514-wa0002-1024x768.jpg 1024w, https:\/\/sandstromtransport.fi\/wp-content\/uploads\/2026\/03\/img-20230514-wa0002-300x225.jpg 300w, https:\/\/sandstromtransport.fi\/wp-content\/uploads\/2026\/03\/img-20230514-wa0002-768x576.jpg 768w, https:\/\/sandstromtransport.fi\/wp-content\/uploads\/2026\/03\/img-20230514-wa0002-1536x1152.jpg 1536w, https:\/\/sandstromtransport.fi\/wp-content\/uploads\/2026\/03\/img-20230514-wa0002.jpg 1600w\" sizes=\"auto, (max-width: 800px) 100vw, 800px\" \/>    <\/div>\r\n\r\n    <div class=\"col-12 col-md-7 text-col has-background has-light-gray-background-color\"><div class=\"acf-innerblocks-container\">\n\n<h2 class=\"wp-block-heading\">Lavetttransporter<\/h2>\n\n\n\n<p>Vi utf\u00f6r lavetttransporter f\u00f6r flytt av tunga och stora maskiner och utrustning. Lavetttransport \u00e4r det b\u00e4sta alternativet till exempel f\u00f6r transport av arbetsmaskiner eller specialkonstruktioner till byggarbetsplatser eller andra destinationer.<\/p>\n\n<\/div>\r\n<\/div>\r\n<\/div>\r\n<\/div>\n\n<div class=\"image-and-text wp-block has-media-on-the-left\">\r\n<div class=\"row\">\r\n    <div class=\"col-12 col-md-6 image-col\">\r\n\r\n        <img loading=\"lazy\" decoding=\"async\" width=\"1\" height=\"1\" src=\"https:\/\/sandstromtransport.fi\/wp-content\/uploads\/2026\/03\/img-20190615-073558.jpg\" class=\"attachment-large size-large\" alt=\"\" \/>    <\/div>\r\n\r\n    <div class=\"col-12 col-md-6 text-col has-background has-light-gray-background-color\"><div class=\"acf-innerblocks-container\">\n\n<h2 class=\"wp-block-heading\">Grustransporter<\/h2>\n\n\n\n<p>Vi levererar sand, grus, krossmaterial och andra jord- och stenmaterial till bygg- och anl\u00e4ggningsprojekt. Noggrannhet och punktlighet \u00e4r viktiga f\u00f6r oss, d\u00e4rf\u00f6r s\u00e4kerst\u00e4ller vi att materialen levereras till r\u00e4tt plats enligt \u00f6verenskommen tidtabell s\u00e5 att v\u00e5ra samarbetspartners arbete kan fortg\u00e5 smidigt. Vid behov transporterar vi \u00e4ven mindre m\u00e4ngder jordmaterial till privatkunder.&nbsp;<\/p>\n\n<\/div>\r\n<\/div>\r\n<\/div>\r\n<\/div>\n\n<div class=\"image-and-text wp-block has-media-on-the-right\">\r\n<div class=\"row\">\r\n    <div class=\"col-12 col-md-5 image-col\">\r\n\r\n        <img loading=\"lazy\" decoding=\"async\" width=\"768\" height=\"1024\" src=\"https:\/\/sandstromtransport.fi\/wp-content\/uploads\/2026\/03\/img-20230527-wa0000-768x1024.jpg\" class=\"attachment-large size-large\" alt=\"\" srcset=\"https:\/\/sandstromtransport.fi\/wp-content\/uploads\/2026\/03\/img-20230527-wa0000-768x1024.jpg 768w, https:\/\/sandstromtransport.fi\/wp-content\/uploads\/2026\/03\/img-20230527-wa0000-225x300.jpg 225w, https:\/\/sandstromtransport.fi\/wp-content\/uploads\/2026\/03\/img-20230527-wa0000-1152x1536.jpg 1152w, https:\/\/sandstromtransport.fi\/wp-content\/uploads\/2026\/03\/img-20230527-wa0000.jpg 1536w\" sizes=\"auto, (max-width: 768px) 100vw, 768px\" \/>    <\/div>\r\n\r\n    <div class=\"col-12 col-md-7 text-col has-background has-light-gray-background-color\"><div class=\"acf-innerblocks-container\">\n\n<h2 class=\"wp-block-heading\">Specialtransporter<\/h2>\n\n\n\n<p>Vi har beredskap och l\u00e4mplig utrustning f\u00f6r att transportera exceptionellt stora, tunga eller kr\u00e4vande laster. Vi ombes\u00f6rjer \u00e4ven n\u00f6dv\u00e4ndiga myndighetstillst\u00e5nd, ruttplanering samt eventuell trafikdirigering, s\u00e5 att lasten transporteras s\u00e4kert och i enlighet med g\u00e4llande krav hela v\u00e4gen fram.<\/p>\n\n<\/div>\r\n<\/div>\r\n<\/div>\r\n<\/div>\n\n\n<div class=\"wp-block-cover alignfull is-light call-to-action is-style-default\"><img loading=\"lazy\" decoding=\"async\" width=\"1024\" height=\"768\" class=\"wp-block-cover__image-background wp-image-4305 size-large\" alt=\"\" src=\"https:\/\/sandstromtransport.fi\/wp-content\/uploads\/2026\/03\/dji-fly-20230929-144508-2-1696012405798-photo-1024x768.jpg\" data-object-fit=\"cover\" srcset=\"https:\/\/sandstromtransport.fi\/wp-content\/uploads\/2026\/03\/dji-fly-20230929-144508-2-1696012405798-photo-1024x768.jpg 1024w, https:\/\/sandstromtransport.fi\/wp-content\/uploads\/2026\/03\/dji-fly-20230929-144508-2-1696012405798-photo-300x225.jpg 300w, https:\/\/sandstromtransport.fi\/wp-content\/uploads\/2026\/03\/dji-fly-20230929-144508-2-1696012405798-photo-768x576.jpg 768w, https:\/\/sandstromtransport.fi\/wp-content\/uploads\/2026\/03\/dji-fly-20230929-144508-2-1696012405798-photo-1536x1152.jpg 1536w, https:\/\/sandstromtransport.fi\/wp-content\/uploads\/2026\/03\/dji-fly-20230929-144508-2-1696012405798-photo-2048x1536.jpg 2048w\" sizes=\"auto, (max-width: 1024px) 100vw, 1024px\" \/><span aria-hidden=\"true\" class=\"wp-block-cover__background has-light-gray-background-color has-background-dim-80 has-background-dim\"><\/span><div class=\"wp-block-cover__inner-container is-layout-flow wp-block-cover-is-layout-flow\">\n<h2 class=\"wp-block-heading has-text-align-center has-black-color has-text-color\">Fr\u00e5ga mer om v\u00e5ra transporttj\u00e4nster!<\/h2>\n\n\n\n<p class=\"has-text-align-center has-black-color has-text-color has-link-color wp-elements-cba05990d3e9587df8e237781251eef9\">Beg\u00e4r en offert eller fr\u00e5ga om mer information.<\/p>\n\n\n\n<div class=\"wp-block-buttons mb-0 mt-3 is-content-justification-center is-layout-flex wp-container-core-buttons-is-layout-28206b41 wp-block-buttons-is-layout-flex\">\n<div class=\"wp-block-button is-style-fill\"><a class=\"wp-block-button__link wp-element-button\" href=\"https:\/\/sandstromtransport.fi\/sv\/kontaktuppgifter\/\">Kontakta oss<\/a><\/div>\n<\/div>\n<\/div><\/div>\n","protected":false},"excerpt":{"rendered":"<p>M\u00e5ngsidiga transporttj\u00e4nster i Finland och \u00f6vriga Norden Sandstr\u00f6m Transport erbjuder helt\u00e4ckande och p\u00e5litliga transporttj\u00e4nster i Finland samt internationellt i Sverige, Norge och Danmark. V\u00e5r m\u00e5ng\u00e5riga erfarenhet och v\u00e5r m\u00e5ngsidiga fordonspark garanterar s\u00e4kra och effektiva transporter under alla f\u00f6rh\u00e5llanden \u2013 \u00e4ven f\u00f6r laster som kr\u00e4ver specialtransporter.<\/p>\n","protected":false},"author":1,"featured_media":0,"parent":0,"menu_order":2,"comment_status":"closed","ping_status":"closed","template":"","meta":{"_acf_changed":false,"footnotes":""},"class_list":["post-4260","page","type-page","status-publish","hentry"],"acf":[],"aioseo_notices":[],"_links":{"self":[{"href":"https:\/\/sandstromtransport.fi\/sv\/wp-json\/wp\/v2\/pages\/4260","targetHints":{"allow":["GET"]}}],"collection":[{"href":"https:\/\/sandstromtransport.fi\/sv\/wp-json\/wp\/v2\/pages"}],"about":[{"href":"https:\/\/sandstromtransport.fi\/sv\/wp-json\/wp\/v2\/types\/page"}],"author":[{"embeddable":true,"href":"https:\/\/sandstromtransport.fi\/sv\/wp-json\/wp\/v2\/users\/1"}],"replies":[{"embeddable":true,"href":"https:\/\/sandstromtransport.fi\/sv\/wp-json\/wp\/v2\/comments?post=4260"}],"version-history":[{"count":8,"href":"https:\/\/sandstromtransport.fi\/sv\/wp-json\/wp\/v2\/pages\/4260\/revisions"}],"predecessor-version":[{"id":4349,"href":"https:\/\/sandstromtransport.fi\/sv\/wp-json\/wp\/v2\/pages\/4260\/revisions\/4349"}],"wp:attachment":[{"href":"https:\/\/sandstromtransport.fi\/sv\/wp-json\/wp\/v2\/media?parent=4260"}],"curies":[{"name":"wp","href":"https:\/\/api.w.org\/{rel}","templated":true}]}}