{"id":4257,"date":"2025-08-01T14:42:32","date_gmt":"2025-08-01T11:42:32","guid":{"rendered":"https:\/\/sandstromtransport.medialuotsidemot.fi\/hemsida\/"},"modified":"2026-03-16T18:26:42","modified_gmt":"2026-03-16T16:26:42","slug":"hemsida","status":"publish","type":"page","link":"https:\/\/sandstromtransport.fi\/sv\/","title":{"rendered":"Hemsida"},"content":{"rendered":"\r\n\r\n<section class=\"hero site-banner banner-bg-image section-default default alignfull image\">\r\n\r\n    <div class=\"site-banner-bg section-bg-image \" >\r\n\r\n        <img loading=\"lazy\" decoding=\"async\" width=\"1920\" height=\"2560\" src=\"https:\/\/sandstromtransport.fi\/wp-content\/uploads\/2026\/03\/img-20240724-074447-1-scaled-e1772972489819.jpg\" class=\"attachment-1536\u00d71536 size-1536\u00d71536\" alt=\"\" \/>\r\n        \r\n            <div class=\"site-banner-content container\">\r\n                <div class=\"row w-100\">\r\n                    <div class=\"col-md-12\">\r\n\r\n                        <h1 class=\"hero-title\">Din p\u00e5litliga transportpartner<\/h1><div class=\"inner-content\">\r\n                            <div class=\"acf-innerblocks-container\">\n\n<p><\/p>\n\n<\/div>\r\n                        <\/div>                    <\/div>\r\n                <\/div>\r\n            <\/div>\r\n        \r\n        <\/div><\/section>\n\n\n<div class=\"wp-block-columns is-style-narrow is-layout-flex wp-container-core-columns-is-layout-9d6595d7 wp-block-columns-is-layout-flex\">\n<div class=\"wp-block-column is-layout-flow wp-block-column-is-layout-flow\">\n<p class=\"has-text-align-center\" style=\"font-size:22px\">Sandstr\u00f6m Transport Ab Oy \u00e4r ett finl\u00e4ndskt transportf\u00f6retag med gedigen yrkeskompetens som erbjuder m\u00e5ngsidiga och flexibla transporttj\u00e4nster i Finland och \u00f6vriga Norden. Vi har l\u00e5ng och bred erfarenhet av olika transportprojekt genom \u00e5ren. Varje uppdrag utf\u00f6rs enligt noggranna planer och med hj\u00e4lp av v\u00e5r moderna fordonspark.<\/p>\n\n\n\n<p class=\"has-text-align-center\" style=\"font-size:22px\">V\u00e5r specialkompetens omfattar internationella transporter, trailer- och specialtransporter samt leveranser av jord- och bergmaterial. Vi betj\u00e4nar b\u00e5de f\u00f6retag och den offentliga sektorn. Hos oss f\u00e5r du p\u00e5litliga transportl\u00f6sningar, v\u00e4nlig kundservice och exakta tidtabeller!<\/p>\n<\/div>\n<\/div>\n\n\n\n<div class=\"wp-block-group alignfull\"><div class=\"wp-block-group__inner-container is-layout-constrained wp-block-group-is-layout-constrained\">\n<div class=\"wp-block-group alignfull has-light-gray-background-color has-background\"><div class=\"wp-block-group__inner-container is-layout-constrained wp-block-group-is-layout-constrained\">\n<div class=\"wp-block-group is-style-default is-nowrap is-layout-flex wp-container-core-group-is-layout-ad2f72ca wp-block-group-is-layout-flex\">\n<div class=\"wp-block-columns nosto-kuva-ja-teksti is-layout-flex wp-container-core-columns-is-layout-9d6595d7 wp-block-columns-is-layout-flex\">\n<div class=\"wp-block-column has-white-background-color has-background is-layout-flow wp-block-column-is-layout-flow\">\n<figure class=\"wp-block-image size-large\"><img loading=\"lazy\" decoding=\"async\" width=\"1024\" height=\"1024\" src=\"https:\/\/sandstromtransport.fi\/wp-content\/uploads\/2026\/03\/img-20231101-105611-177-1024x1024.jpg\" alt=\"\" class=\"wp-image-4295\" srcset=\"https:\/\/sandstromtransport.fi\/wp-content\/uploads\/2026\/03\/img-20231101-105611-177-1024x1024.jpg 1024w, https:\/\/sandstromtransport.fi\/wp-content\/uploads\/2026\/03\/img-20231101-105611-177-300x300.jpg 300w, https:\/\/sandstromtransport.fi\/wp-content\/uploads\/2026\/03\/img-20231101-105611-177-150x150.jpg 150w, https:\/\/sandstromtransport.fi\/wp-content\/uploads\/2026\/03\/img-20231101-105611-177-768x768.jpg 768w, https:\/\/sandstromtransport.fi\/wp-content\/uploads\/2026\/03\/img-20231101-105611-177-1536x1536.jpg 1536w, https:\/\/sandstromtransport.fi\/wp-content\/uploads\/2026\/03\/img-20231101-105611-177-2048x2048.jpg 2048w\" sizes=\"auto, (max-width: 1024px) 100vw, 1024px\" \/><\/figure>\n\n\n\n<h2 class=\"wp-block-heading\">Tj\u00e4nster<\/h2>\n\n\n\n<p>Bekanta dig n\u00e4rmare med v\u00e5ra tj\u00e4nster. Vi sk\u00f6ter alla typer av transporter tryggt och omsorgsfullt hela v\u00e4gen fram!<\/p>\n\n\n\n<div class=\"wp-block-buttons is-layout-flex wp-block-buttons-is-layout-flex\">\n<div class=\"wp-block-button\"><a class=\"wp-block-button__link wp-element-button\" href=\"https:\/\/sandstromtransport.fi\/sv\/tjanster\/\">L\u00e4s mer<\/a><\/div>\n<\/div>\n<\/div>\n\n\n\n<div class=\"wp-block-column has-white-background-color has-background is-layout-flow wp-block-column-is-layout-flow\">\n<figure class=\"wp-block-image size-large\"><img loading=\"lazy\" decoding=\"async\" width=\"1024\" height=\"768\" src=\"https:\/\/sandstromtransport.fi\/wp-content\/uploads\/2026\/03\/img-20240623-wa0003-1024x768.jpg\" alt=\"\" class=\"wp-image-4298\" srcset=\"https:\/\/sandstromtransport.fi\/wp-content\/uploads\/2026\/03\/img-20240623-wa0003-1024x768.jpg 1024w, https:\/\/sandstromtransport.fi\/wp-content\/uploads\/2026\/03\/img-20240623-wa0003-300x225.jpg 300w, https:\/\/sandstromtransport.fi\/wp-content\/uploads\/2026\/03\/img-20240623-wa0003-768x576.jpg 768w, https:\/\/sandstromtransport.fi\/wp-content\/uploads\/2026\/03\/img-20240623-wa0003-1536x1152.jpg 1536w, https:\/\/sandstromtransport.fi\/wp-content\/uploads\/2026\/03\/img-20240623-wa0003.jpg 2000w\" sizes=\"auto, (max-width: 1024px) 100vw, 1024px\" \/><\/figure>\n\n\n\n<h2 class=\"wp-block-heading has-text-align-left\">Be om mer information!<\/h2>\n\n\n\n<p>Kontakta oss och fr\u00e5ga mer om v\u00e5ra tj\u00e4nster. Du kan enkelt skicka en offertf\u00f6rfr\u00e5gan till oss via e-post.<\/p>\n\n\n\n<div class=\"wp-block-buttons is-layout-flex wp-block-buttons-is-layout-flex\">\n<div class=\"wp-block-button\"><a class=\"wp-block-button__link wp-element-button\" href=\"https:\/\/sandstromtransport.fi\/sv\/kontaktuppgifter\/\">L\u00e4s mer<\/a><\/div>\n<\/div>\n<\/div>\n<\/div>\n<\/div>\n<\/div><\/div>\n\n\n<div class=\"image-and-text wp-block alignfull has-media-on-the-left\">\r\n<div class=\"row\">\r\n    <div class=\"col-12 col-md-5 image-col\">\r\n\r\n        <img loading=\"lazy\" decoding=\"async\" width=\"800\" height=\"798\" src=\"https:\/\/sandstromtransport.fi\/wp-content\/uploads\/2026\/03\/img-20240410-wa0003-e1773678384781-1024x1021.jpg\" class=\"attachment-large size-large\" alt=\"\" srcset=\"https:\/\/sandstromtransport.fi\/wp-content\/uploads\/2026\/03\/img-20240410-wa0003-e1773678384781-1024x1021.jpg 1024w, https:\/\/sandstromtransport.fi\/wp-content\/uploads\/2026\/03\/img-20240410-wa0003-e1773678384781-300x300.jpg 300w, https:\/\/sandstromtransport.fi\/wp-content\/uploads\/2026\/03\/img-20240410-wa0003-e1773678384781-150x150.jpg 150w, https:\/\/sandstromtransport.fi\/wp-content\/uploads\/2026\/03\/img-20240410-wa0003-e1773678384781-768x766.jpg 768w, https:\/\/sandstromtransport.fi\/wp-content\/uploads\/2026\/03\/img-20240410-wa0003-e1773678384781-400x400.jpg 400w, https:\/\/sandstromtransport.fi\/wp-content\/uploads\/2026\/03\/img-20240410-wa0003-e1773678384781-600x600.jpg 600w, https:\/\/sandstromtransport.fi\/wp-content\/uploads\/2026\/03\/img-20240410-wa0003-e1773678384781.jpg 1126w\" sizes=\"auto, (max-width: 800px) 100vw, 800px\" \/>    <\/div>\r\n\r\n    <div class=\"col-12 col-md-7 text-col\"><div class=\"acf-innerblocks-container\">\n\n<h3 class=\"wp-block-heading\">Sandstr\u00f6m Transport har vuxit fr\u00e5n ett familjef\u00f6retag till ett internationellt transportf\u00f6retag.<\/h3>\n\n\n\n<p>F\u00f6retagets historia b\u00f6rjade \u00e5r 1952, d\u00e5 nuvarande \u00e4garens farfar skaffade en timmerbil. Under 1960-talet ut\u00f6kades fordonsparken med en grusbil, vilket gjorde grustransporter till en permanent del av verksamheten \u2013 och de utf\u00f6rs fortfarande \u00e4n i dag. P\u00e5 1970-talet ersattes timmerbilen med en mj\u00f6lkbil och f\u00f6retagets f\u00f6rsta gr\u00e4vmaskin inf\u00f6rskaffades.<\/p>\n\n\n\n<p>I sin nuvarande form har Sandstr\u00f6m Transport Ab Oy varit verksamt sedan 1981. Under 1980-talet fortsatte nuvarande \u00e4garens far verksamheten, och mj\u00f6lkbilen byttes ut mot ytterligare en grusbil. Samtidigt inleddes \u00e4ven f\u00f6r\u00e4dlingen av grus d\u00e5 f\u00f6retagets f\u00f6rsta sikt anskaffades. Under 1990-talet ut\u00f6kades maskinparken med en sl\u00e4pmuddringsgr\u00e4vmaskin, som fortfarande \u00e4r i bruk.<\/p>\n\n\n\n<p>Sedan 2013 har Kim Sandstr\u00f6m varit verksam i f\u00f6retaget som tredje generationens f\u00f6retagare. Verksamheten har d\u00e4refter utvidgats till styckegodstransporter och specialtransporter i Finland och \u00f6vriga Norden. Fordonsparken har utvecklats med moderna styckegodsbilar, lavetter i olika storlekar, gr\u00e4vmaskiner samt grusbilar.<\/p>\n\n<\/div>\r\n<\/div>\r\n<\/div>\r\n<\/div><\/div><\/div>\n\n\n\n<div class=\"wp-block-cover alignfull is-light call-to-action is-style-default\"><img loading=\"lazy\" decoding=\"async\" width=\"1024\" height=\"768\" class=\"wp-block-cover__image-background wp-image-4305 size-large\" alt=\"\" src=\"https:\/\/sandstromtransport.fi\/wp-content\/uploads\/2026\/03\/dji-fly-20230929-144508-2-1696012405798-photo-1024x768.jpg\" data-object-fit=\"cover\" srcset=\"https:\/\/sandstromtransport.fi\/wp-content\/uploads\/2026\/03\/dji-fly-20230929-144508-2-1696012405798-photo-1024x768.jpg 1024w, https:\/\/sandstromtransport.fi\/wp-content\/uploads\/2026\/03\/dji-fly-20230929-144508-2-1696012405798-photo-300x225.jpg 300w, https:\/\/sandstromtransport.fi\/wp-content\/uploads\/2026\/03\/dji-fly-20230929-144508-2-1696012405798-photo-768x576.jpg 768w, https:\/\/sandstromtransport.fi\/wp-content\/uploads\/2026\/03\/dji-fly-20230929-144508-2-1696012405798-photo-1536x1152.jpg 1536w, https:\/\/sandstromtransport.fi\/wp-content\/uploads\/2026\/03\/dji-fly-20230929-144508-2-1696012405798-photo-2048x1536.jpg 2048w\" sizes=\"auto, (max-width: 1024px) 100vw, 1024px\" \/><span aria-hidden=\"true\" class=\"wp-block-cover__background has-light-gray-background-color has-background-dim-80 has-background-dim\"><\/span><div class=\"wp-block-cover__inner-container is-layout-flow wp-block-cover-is-layout-flow\">\n<h2 class=\"wp-block-heading has-text-align-center has-black-color has-text-color\">Fr\u00e5ga om v\u00e5ra tj\u00e4nster<\/h2>\n\n\n\n<div class=\"wp-block-buttons mb-0 mt-3 is-content-justification-center is-layout-flex wp-container-core-buttons-is-layout-28206b41 wp-block-buttons-is-layout-flex\">\n<div class=\"wp-block-button is-style-fill\"><a class=\"wp-block-button__link wp-element-button\" href=\"https:\/\/sandstromtransport.fi\/sv\/kontaktuppgifter\/\">Kontakta oss<\/a><\/div>\n<\/div>\n<\/div><\/div>\n","protected":false},"excerpt":{"rendered":"<p>Sandstr\u00f6m Transport Ab Oy \u00e4r ett finl\u00e4ndskt transportf\u00f6retag med gedigen yrkeskompetens som erbjuder m\u00e5ngsidiga och flexibla transporttj\u00e4nster i Finland och \u00f6vriga Norden. Vi har l\u00e5ng och bred erfarenhet av olika transportprojekt genom \u00e5ren. Varje uppdrag utf\u00f6rs enligt noggranna planer och med hj\u00e4lp av v\u00e5r moderna fordonspark. V\u00e5r specialkompetens omfattar internationella transporter, trailer- och specialtransporter samt [&hellip;]<\/p>\n","protected":false},"author":1,"featured_media":4290,"parent":0,"menu_order":1,"comment_status":"closed","ping_status":"closed","template":"","meta":{"_acf_changed":false,"footnotes":""},"class_list":["post-4257","page","type-page","status-publish","has-post-thumbnail","hentry"],"acf":[],"aioseo_notices":[],"_links":{"self":[{"href":"https:\/\/sandstromtransport.fi\/sv\/wp-json\/wp\/v2\/pages\/4257","targetHints":{"allow":["GET"]}}],"collection":[{"href":"https:\/\/sandstromtransport.fi\/sv\/wp-json\/wp\/v2\/pages"}],"about":[{"href":"https:\/\/sandstromtransport.fi\/sv\/wp-json\/wp\/v2\/types\/page"}],"author":[{"embeddable":true,"href":"https:\/\/sandstromtransport.fi\/sv\/wp-json\/wp\/v2\/users\/1"}],"replies":[{"embeddable":true,"href":"https:\/\/sandstromtransport.fi\/sv\/wp-json\/wp\/v2\/comments?post=4257"}],"version-history":[{"count":7,"href":"https:\/\/sandstromtransport.fi\/sv\/wp-json\/wp\/v2\/pages\/4257\/revisions"}],"predecessor-version":[{"id":4342,"href":"https:\/\/sandstromtransport.fi\/sv\/wp-json\/wp\/v2\/pages\/4257\/revisions\/4342"}],"wp:featuredmedia":[{"embeddable":true,"href":"https:\/\/sandstromtransport.fi\/sv\/wp-json\/wp\/v2\/media\/4290"}],"wp:attachment":[{"href":"https:\/\/sandstromtransport.fi\/sv\/wp-json\/wp\/v2\/media?parent=4257"}],"curies":[{"name":"wp","href":"https:\/\/api.w.org\/{rel}","templated":true}]}}